{"id":564,"date":"2024-04-06T19:06:54","date_gmt":"2024-04-06T17:06:54","guid":{"rendered":"https:\/\/iberoforwarders.es\/?page_id=564"},"modified":"2025-12-01T16:44:21","modified_gmt":"2025-12-01T15:44:21","slug":"trabaja-con-nosotros","status":"publish","type":"page","link":"https:\/\/iberoforwarders.com\/es\/trabaja-con-nosotros","title":{"rendered":"Trabaja con nosotros"},"content":{"rendered":"\t\t<div data-elementor-type=\"wp-page\" data-elementor-id=\"564\" class=\"elementor elementor-564 elementor-2037\" data-elementor-post-type=\"page\">\n\t\t\t\t<div class=\"elementor-element elementor-element-79fcc86 e-flex e-con-boxed e-con e-parent\" data-id=\"79fcc86\" data-element_type=\"container\" data-e-type=\"container\" data-settings=\"{&quot;background_background&quot;:&quot;classic&quot;}\">\n\t\t\t\t\t<div class=\"e-con-inner\">\n\t\t\t\t<div class=\"elementor-element elementor-element-3f1b1141 elementor-widget elementor-widget-heading\" data-id=\"3f1b1141\" data-element_type=\"widget\" data-e-type=\"widget\" data-widget_type=\"heading.default\">\n\t\t\t\t<div class=\"elementor-widget-container\">\n\t\t\t\t\t<h1 class=\"elementor-heading-title elementor-size-default\">\u00danete al equipo Iberoforwarders<\/h1>\t\t\t\t<\/div>\n\t\t\t\t<\/div>\n\t\t\t\t\t<\/div>\n\t\t\t\t<\/div>\n\t\t<div class=\"elementor-element elementor-element-97bd0fc e-flex e-con-boxed e-con e-parent\" data-id=\"97bd0fc\" data-element_type=\"container\" data-e-type=\"container\">\n\t\t\t\t\t<div class=\"e-con-inner\">\n\t\t<div class=\"elementor-element elementor-element-2acc09bd e-con-full e-flex e-con e-child\" data-id=\"2acc09bd\" data-element_type=\"container\" data-e-type=\"container\">\n\t\t\t\t<div class=\"elementor-element elementor-element-5eab83ef elementor-widget elementor-widget-heading\" data-id=\"5eab83ef\" data-element_type=\"widget\" data-e-type=\"widget\" data-widget_type=\"heading.default\">\n\t\t\t\t<div class=\"elementor-widget-container\">\n\t\t\t\t\t<h2 class=\"elementor-heading-title elementor-size-default\">Trabaja con nosotros<\/h2>\t\t\t\t<\/div>\n\t\t\t\t<\/div>\n\t\t\t\t<div class=\"elementor-element elementor-element-74a16dfc elementor-widget elementor-widget-text-editor\" data-id=\"74a16dfc\" data-element_type=\"widget\" data-e-type=\"widget\" data-widget_type=\"text-editor.default\">\n\t\t\t\t<div class=\"elementor-widget-container\">\n\t\t\t\t\t\t\t\t\t<p>Si te apasiona la log\u00edstica y el transporte y te motiva trabajar en un sector din\u00e1mico e internacional, queremos conocerte.<\/p><p><span style=\"text-decoration: underline;\">Ponte en contacto con nosotros<\/span> a trav\u00e9s del siguiente formulario y evaluaremos con detalle tu perfil.<\/p>\t\t\t\t\t\t\t\t<\/div>\n\t\t\t\t<\/div>\n\t\t\t\t<div class=\"elementor-element elementor-element-5b468348 botoncontacto elementor-icon-list--layout-traditional elementor-list-item-link-full_width elementor-widget elementor-widget-icon-list\" data-id=\"5b468348\" data-element_type=\"widget\" data-e-type=\"widget\" data-widget_type=\"icon-list.default\">\n\t\t\t\t<div class=\"elementor-widget-container\">\n\t\t\t\t\t\t\t<ul class=\"elementor-icon-list-items\">\n\t\t\t\t\t\t\t<li class=\"elementor-icon-list-item\">\n\t\t\t\t\t\t\t\t\t\t\t<a href=\"https:\/\/www.linkedin.com\/company\/iberoforwarders\/\">\n\n\t\t\t\t\t\t\t\t\t\t\t\t<span class=\"elementor-icon-list-icon\">\n\t\t\t\t\t\t\t<svg aria-hidden=\"true\" class=\"e-font-icon-svg e-fab-linkedin\" viewBox=\"0 0 448 512\" xmlns=\"http:\/\/www.w3.org\/2000\/svg\"><path d=\"M416 32H31.9C14.3 32 0 46.5 0 64.3v383.4C0 465.5 14.3 480 31.9 480H416c17.6 0 32-14.5 32-32.3V64.3c0-17.8-14.4-32.3-32-32.3zM135.4 416H69V202.2h66.5V416zm-33.2-243c-21.3 0-38.5-17.3-38.5-38.5S80.9 96 102.2 96c21.2 0 38.5 17.3 38.5 38.5 0 21.3-17.2 38.5-38.5 38.5zm282.1 243h-66.4V312c0-24.8-.5-56.7-34.5-56.7-34.6 0-39.9 27-39.9 54.9V416h-66.4V202.2h63.7v29.2h.9c8.9-16.8 30.6-34.5 62.9-34.5 67.2 0 79.7 44.3 79.7 101.9V416z\"><\/path><\/svg>\t\t\t\t\t\t<\/span>\n\t\t\t\t\t\t\t\t\t\t<span class=\"elementor-icon-list-text\">Linkedin<\/span>\n\t\t\t\t\t\t\t\t\t\t\t<\/a>\n\t\t\t\t\t\t\t\t\t<\/li>\n\t\t\t\t\t\t\t\t<li class=\"elementor-icon-list-item\">\n\t\t\t\t\t\t\t\t\t\t\t<a href=\"mailto:info@iberoforwarders.com\">\n\n\t\t\t\t\t\t\t\t\t\t\t\t<span class=\"elementor-icon-list-icon\">\n\t\t\t\t\t\t\t<svg xmlns=\"http:\/\/www.w3.org\/2000\/svg\" width=\"1em\" height=\"1em\" viewBox=\"0 0 24 24\"><path fill=\"currentColor\" d=\"M20 4H4c-1.103 0-2 .897-2 2v12c0 1.103.897 2 2 2h16c1.103 0 2-.897 2-2V6c0-1.103-.897-2-2-2m0 2v.511l-8 6.223l-8-6.222V6zM4 18V9.044l7.386 5.745a.994.994 0 0 0 1.228 0L20 9.044L20.002 18z\"><\/path><\/svg>\t\t\t\t\t\t<\/span>\n\t\t\t\t\t\t\t\t\t\t<span class=\"elementor-icon-list-text\">info@iberoforwarders.com<\/span>\n\t\t\t\t\t\t\t\t\t\t\t<\/a>\n\t\t\t\t\t\t\t\t\t<\/li>\n\t\t\t\t\t\t<\/ul>\n\t\t\t\t\t\t<\/div>\n\t\t\t\t<\/div>\n\t\t\t\t<\/div>\n\t\t<div class=\"elementor-element elementor-element-62a165f5 e-con-full e-flex e-con e-child\" data-id=\"62a165f5\" data-element_type=\"container\" data-e-type=\"container\">\n\t\t\t\t<div class=\"elementor-element elementor-element-3189b9da elementor-button-align-start elementor-mobile-button-align-center politicapriva elementor-widget elementor-widget-form\" data-id=\"3189b9da\" data-element_type=\"widget\" data-e-type=\"widget\" data-settings=\"{&quot;button_width&quot;:&quot;25&quot;,&quot;step_next_label&quot;:&quot;Next&quot;,&quot;step_previous_label&quot;:&quot;Previous&quot;,&quot;step_type&quot;:&quot;number_text&quot;,&quot;step_icon_shape&quot;:&quot;circle&quot;}\" data-widget_type=\"form.default\">\n\t\t\t\t<div class=\"elementor-widget-container\">\n\t\t\t\t\t\t\t<form class=\"elementor-form\" method=\"post\" name=\"Trabajo\" aria-label=\"Trabajo\">\n\t\t\t<input type=\"hidden\" name=\"post_id\" value=\"564\"\/>\n\t\t\t<input type=\"hidden\" name=\"form_id\" value=\"3189b9da\"\/>\n\t\t\t<input type=\"hidden\" name=\"referer_title\" value=\"Trabaja con Iberoforwarders\" \/>\n\n\t\t\t\t\t\t\t<input type=\"hidden\" name=\"queried_id\" value=\"564\"\/>\n\t\t\t\n\t\t\t<div class=\"elementor-form-fields-wrapper elementor-labels-\">\n\t\t\t\t\t\t\t\t<div class=\"elementor-field-type-text elementor-field-group elementor-column elementor-field-group-name elementor-col-50 elementor-field-required\">\n\t\t\t\t\t\t\t\t\t\t\t\t<label for=\"form-field-name\" class=\"elementor-field-label elementor-screen-only\">\n\t\t\t\t\t\t\t\tNombre\t\t\t\t\t\t\t<\/label>\n\t\t\t\t\t\t\t\t\t\t\t\t\t\t<input size=\"1\" type=\"text\" name=\"form_fields[name]\" id=\"form-field-name\" class=\"elementor-field elementor-size-sm  elementor-field-textual\" placeholder=\"Nombre\" required=\"required\">\n\t\t\t\t\t\t\t\t\t\t\t<\/div>\n\t\t\t\t\t\t\t\t<div class=\"elementor-field-type-text elementor-field-group elementor-column elementor-field-group-field_f239dd2 elementor-col-50 elementor-field-required\">\n\t\t\t\t\t\t\t\t\t\t\t\t<label for=\"form-field-field_f239dd2\" class=\"elementor-field-label elementor-screen-only\">\n\t\t\t\t\t\t\t\tApellidos\t\t\t\t\t\t\t<\/label>\n\t\t\t\t\t\t\t\t\t\t\t\t\t\t<input size=\"1\" type=\"text\" name=\"form_fields[field_f239dd2]\" id=\"form-field-field_f239dd2\" class=\"elementor-field elementor-size-sm  elementor-field-textual\" placeholder=\"Apellidos\" required=\"required\">\n\t\t\t\t\t\t\t\t\t\t\t<\/div>\n\t\t\t\t\t\t\t\t<div class=\"elementor-field-type-email elementor-field-group elementor-column elementor-field-group-email elementor-col-50 elementor-field-required\">\n\t\t\t\t\t\t\t\t\t\t\t\t<label for=\"form-field-email\" class=\"elementor-field-label elementor-screen-only\">\n\t\t\t\t\t\t\t\tEmail\t\t\t\t\t\t\t<\/label>\n\t\t\t\t\t\t\t\t\t\t\t\t\t\t<input size=\"1\" type=\"email\" name=\"form_fields[email]\" id=\"form-field-email\" class=\"elementor-field elementor-size-sm  elementor-field-textual\" placeholder=\"Email\" required=\"required\">\n\t\t\t\t\t\t\t\t\t\t\t<\/div>\n\t\t\t\t\t\t\t\t<div class=\"elementor-field-type-tel elementor-field-group elementor-column elementor-field-group-telefono elementor-col-50 elementor-field-required\">\n\t\t\t\t\t\t\t\t\t\t\t\t<label for=\"form-field-telefono\" class=\"elementor-field-label elementor-screen-only\">\n\t\t\t\t\t\t\t\tTelefono\t\t\t\t\t\t\t<\/label>\n\t\t\t\t\t\t\t\t<input size=\"1\" type=\"tel\" name=\"form_fields[telefono]\" id=\"form-field-telefono\" class=\"elementor-field elementor-size-sm  elementor-field-textual\" placeholder=\"Tel\u00e9fono\" required=\"required\" pattern=\"[0-9()#&amp;+*-=.]+\" title=\"Solo se aceptan n\u00fameros y caracteres de tel\u00e9fono (#,-,*,etc).\">\n\n\t\t\t\t\t\t<\/div>\n\t\t\t\t\t\t\t\t<div class=\"elementor-field-type-html elementor-field-group elementor-column elementor-field-group-field_0d233e1 elementor-col-100\">\n\t\t\t\t\t<span style=\"font-size: 16px;\">Adjuntar Curr\u00edculum pdf (tama\u00f1o m\u00e1ximo de archivo 2mb)<\/span>\n\t\t\t\t<\/div>\n\t\t\t\t\t\t\t\t<div class=\"elementor-field-type-upload elementor-field-group elementor-column elementor-field-group-cvitae elementor-col-100 elementor-field-required\">\n\t\t\t\t\t\t\t\t\t\t\t\t<label for=\"form-field-cvitae\" class=\"elementor-field-label elementor-screen-only\">\n\t\t\t\t\t\t\t\tCV\t\t\t\t\t\t\t<\/label>\n\t\t\t\t\t\t\t\t<input type=\"file\" name=\"form_fields[cvitae]\" id=\"form-field-cvitae\" class=\"elementor-field elementor-size-sm  elementor-upload-field\" required=\"required\" data-maxsize=\"2\" data-maxsize-message=\"Este archivo excede el tama\u00f1o m\u00e1ximo permitido.\">\n\n\t\t\t\t\t\t<\/div>\n\t\t\t\t\t\t\t\t<div class=\"elementor-field-type-acceptance elementor-field-group elementor-column elementor-field-group-privacidad elementor-col-100 elementor-field-required\">\n\t\t\t\t\t\t\t\t\t\t\t\t<label for=\"form-field-privacidad\" class=\"elementor-field-label elementor-screen-only\">\n\t\t\t\t\t\t\t\tPrivacidad\t\t\t\t\t\t\t<\/label>\n\t\t\t\t\t\t\t\t<div class=\"elementor-field-subgroup\">\n\t\t\t<span class=\"elementor-field-option\">\n\t\t\t\t<input type=\"checkbox\" name=\"form_fields[privacidad]\" id=\"form-field-privacidad\" class=\"elementor-field elementor-size-sm  elementor-acceptance-field\" required=\"required\">\n\t\t\t\t<label for=\"form-field-privacidad\">He le\u00eddo y acepto la <a href=\"https:\/\/iberoforwarders.com\/es\/aviso-legal\" target=\"_blank\" rel=\"nofollow\">Pol\u00edtica de privacidad<\/a>.\n<\/label>\t\t\t<\/span>\n\t\t<\/div>\n\t\t\t\t\t\t<\/div>\n\t\t\t\t\t\t\t\t<div class=\"elementor-field-type-recaptcha_v3 elementor-field-group elementor-column elementor-field-group-field_41e2151 elementor-col-100 recaptcha_v3-bottomright\">\n\t\t\t\t\t<div class=\"elementor-field\" id=\"form-field-field_41e2151\"><div class=\"elementor-g-recaptcha\" data-sitekey=\"6Lffr24qAAAAAGega23x_om3siuqiWhjHBNl6HD-\" data-type=\"v3\" data-action=\"Form\" data-badge=\"bottomright\" data-size=\"invisible\"><\/div><\/div>\t\t\t\t<\/div>\n\t\t\t\t\t\t\t\t<div class=\"elementor-field-group elementor-column elementor-field-type-submit elementor-col-25 e-form__buttons\">\n\t\t\t\t\t<button class=\"elementor-button elementor-size-sm\" type=\"submit\">\n\t\t\t\t\t\t<span class=\"elementor-button-content-wrapper\">\n\t\t\t\t\t\t\t\t\t\t\t\t\t\t\t\t\t\t\t\t\t\t<span class=\"elementor-button-text\">Enviar<\/span>\n\t\t\t\t\t\t\t\t\t\t\t\t\t<\/span>\n\t\t\t\t\t<\/button>\n\t\t\t\t<\/div>\n\t\t\t<\/div>\n\t\t<\/form>\n\t\t\t\t\t\t<\/div>\n\t\t\t\t<\/div>\n\t\t\t\t<\/div>\n\t\t\t\t\t<\/div>\n\t\t\t\t<\/div>\n\t\t<div class=\"elementor-element elementor-element-79c05ca e-flex e-con-boxed e-con e-child\" data-id=\"79c05ca\" data-element_type=\"container\" data-e-type=\"container\">\n\t\t\t\t\t<div class=\"e-con-inner\">\n\t\t\t\t<div class=\"elementor-element elementor-element-3008c66 elementor-widget elementor-widget-heading\" data-id=\"3008c66\" data-element_type=\"widget\" data-e-type=\"widget\" data-widget_type=\"heading.default\">\n\t\t\t\t<div class=\"elementor-widget-container\">\n\t\t\t\t\t<h2 class=\"elementor-heading-title elementor-size-default\">Trabaja con Iberoforwarders\n<\/h2>\t\t\t\t<\/div>\n\t\t\t\t<\/div>\n\t\t\t\t<div class=\"elementor-element elementor-element-fa7f896 elementor-widget elementor-widget-html\" data-id=\"fa7f896\" data-element_type=\"widget\" data-e-type=\"widget\" data-widget_type=\"html.default\">\n\t\t\t\t<div class=\"elementor-widget-container\">\n\t\t\t\t\t<div class=\"animated-line\">\n  <div class=\"white-section\"><\/div>\n<\/div>\n\t\t\t\t<\/div>\n\t\t\t\t<\/div>\n\t\t\t\t<div class=\"elementor-element elementor-element-8cffaa8 elementor-widget elementor-widget-text-editor\" data-id=\"8cffaa8\" data-element_type=\"widget\" data-e-type=\"widget\" data-widget_type=\"text-editor.default\">\n\t\t\t\t<div class=\"elementor-widget-container\">\n\t\t\t\t\t\t\t\t\t<p>Iberoforwarders es una empresa consolidada en el sector del transporte internacional de mercanc\u00edas. Nuestro equipo est\u00e1 compuesto por diferentes perfiles profesionales, y siempre nos encontramos en la b\u00fasqueda de talento para cubrir nuevas posiciones y las necesidades de crecimiento que tiene nuestra empresa.<\/p><p>Consulta puntualmente nuestro LinkedIn, en el que publicamos de forma recurrente vacantes de puestos de trabajo. Si lo prefieres puedes enviarnos tu curr\u00edculum de forma libre, as\u00ed como una carta de presentaci\u00f3n en la que nos indiques qu\u00e9 tipo de puestos est\u00e1s buscando.<\/p><p>En Iberoforwarders apostamos por las personas y tenemos un muy buen ambiente de trabajo. \u00a1Nos encantar\u00e1 conocerte! Env\u00eda ahora tu curriculum y nuestro equipo de recursos humanos te contactar\u00e1 cuando encaje con alguna vacante.<\/p>\t\t\t\t\t\t\t\t<\/div>\n\t\t\t\t<\/div>\n\t\t\t\t\t<\/div>\n\t\t\t\t<\/div>\n\t\t<div class=\"elementor-element elementor-element-f5ab66e e-flex e-con-boxed e-con e-parent\" data-id=\"f5ab66e\" data-element_type=\"container\" data-e-type=\"container\">\n\t\t\t\t\t<div class=\"e-con-inner\">\n\t\t\t\t<div class=\"elementor-element elementor-element-ca4bc32 elementor-widget elementor-widget-text-editor\" data-id=\"ca4bc32\" data-element_type=\"widget\" data-e-type=\"widget\" data-widget_type=\"text-editor.default\">\n\t\t\t\t<div class=\"elementor-widget-container\">\n\t\t\t\t\t\t\t\t\t<p>RESPONSABLE DEL TRATAMIENTO: Iberoforwarders. FINALIDAD DEL TRATAMIENTO: Gestionar y\/o prestar la solicitud que realiza en el mismo. LEGITIMACI\u00d3N: El consentimiento y\/o autorizaci\u00f3n expresa e informada del usuario. DESTINATARIOS: Iberoforwarders no cede los datos del usuario\/interesado a terceros salvo obligaci\u00f3n legal. DERECHOS: El interesado\/usuario tiene derecho a acceder, modificar, eliminar, limitar su tratamiento u oponerse a su uso, as\u00ed como a no ser objeto de decisiones basadas \u00fanicamente en el tratamiento autom\u00e1tico.<\/p>\t\t\t\t\t\t\t\t<\/div>\n\t\t\t\t<\/div>\n\t\t\t\t\t<\/div>\n\t\t\t\t<\/div>\n\t\t\t\t<\/div>\n\t\t","protected":false},"excerpt":{"rendered":"<p>\u00danete al equipo Iberoforwarders Trabaja con nosotros Si te apasiona la log\u00edstica y el transporte y te motiva trabajar en un sector din\u00e1mico e internacional, queremos conocerte. Ponte en contacto con nosotros a trav\u00e9s del siguiente formulario y evaluaremos con detalle tu perfil. Linkedin info@iberoforwarders.com Trabaja con Iberoforwarders Iberoforwarders es una empresa consolidada en el [&hellip;]<\/p>\n","protected":false},"author":1,"featured_media":566,"parent":0,"menu_order":0,"comment_status":"closed","ping_status":"closed","template":"","meta":{"footnotes":""},"class_list":["post-564","page","type-page","status-publish","has-post-thumbnail","hentry"],"yoast_head":"<!-- This site is optimized with the Yoast SEO plugin v27.3 - https:\/\/yoast.com\/product\/yoast-seo-wordpress\/ -->\n<title>Trabaja con Iberoforwarders<\/title>\n<meta name=\"description\" content=\"\u00bfBuscas empleo en el sector del transporte internacional? Env\u00eda tu curr\u00edculum a Iberoforwarders, una empresa con grandes posibilidades para tu talento.\" \/>\n<meta name=\"robots\" content=\"index, follow, max-snippet:-1, max-image-preview:large, max-video-preview:-1\" \/>\n<link rel=\"canonical\" href=\"https:\/\/iberoforwarders.com\/es\/trabaja-con-nosotros\" \/>\n<meta property=\"og:locale\" content=\"es_ES\" \/>\n<meta property=\"og:type\" content=\"article\" \/>\n<meta property=\"og:title\" content=\"Trabaja con Iberoforwarders\" \/>\n<meta property=\"og:description\" content=\"\u00bfBuscas empleo en el sector del transporte internacional? Env\u00eda tu curr\u00edculum a Iberoforwarders, una empresa con grandes posibilidades para tu talento.\" \/>\n<meta property=\"og:url\" content=\"https:\/\/iberoforwarders.com\/es\/trabaja-con-nosotros\" \/>\n<meta property=\"og:site_name\" content=\"Iberoforwarders\" \/>\n<meta property=\"article:modified_time\" content=\"2025-12-01T15:44:21+00:00\" \/>\n<meta property=\"og:image\" content=\"https:\/\/iberoforwarders.com\/wp-content\/uploads\/2024\/03\/work-with-us.jpg\" \/>\n\t<meta property=\"og:image:width\" content=\"842\" \/>\n\t<meta property=\"og:image:height\" content=\"561\" \/>\n\t<meta property=\"og:image:type\" content=\"image\/jpeg\" \/>\n<meta name=\"twitter:card\" content=\"summary_large_image\" \/>\n<meta name=\"twitter:label1\" content=\"Tiempo de lectura\" \/>\n\t<meta name=\"twitter:data1\" content=\"2 minutos\" \/>\n<script type=\"application\/ld+json\" class=\"yoast-schema-graph\">{\"@context\":\"https:\\\/\\\/schema.org\",\"@graph\":[{\"@type\":\"WebPage\",\"@id\":\"https:\\\/\\\/iberoforwarders.com\\\/es\\\/trabaja-con-nosotros\",\"url\":\"https:\\\/\\\/iberoforwarders.com\\\/es\\\/trabaja-con-nosotros\",\"name\":\"Trabaja con Iberoforwarders\",\"isPartOf\":{\"@id\":\"https:\\\/\\\/iberoforwarders.com\\\/es\\\/#website\"},\"primaryImageOfPage\":{\"@id\":\"https:\\\/\\\/iberoforwarders.com\\\/es\\\/trabaja-con-nosotros#primaryimage\"},\"image\":{\"@id\":\"https:\\\/\\\/iberoforwarders.com\\\/es\\\/trabaja-con-nosotros#primaryimage\"},\"thumbnailUrl\":\"https:\\\/\\\/iberoforwarders.com\\\/wp-content\\\/uploads\\\/2024\\\/03\\\/work-with-us.jpg\",\"datePublished\":\"2024-04-06T17:06:54+00:00\",\"dateModified\":\"2025-12-01T15:44:21+00:00\",\"description\":\"\u00bfBuscas empleo en el sector del transporte internacional? Env\u00eda tu curr\u00edculum a Iberoforwarders, una empresa con grandes posibilidades para tu talento.\",\"breadcrumb\":{\"@id\":\"https:\\\/\\\/iberoforwarders.com\\\/es\\\/trabaja-con-nosotros#breadcrumb\"},\"inLanguage\":\"es\",\"potentialAction\":[{\"@type\":\"ReadAction\",\"target\":[\"https:\\\/\\\/iberoforwarders.com\\\/es\\\/trabaja-con-nosotros\"]}]},{\"@type\":\"ImageObject\",\"inLanguage\":\"es\",\"@id\":\"https:\\\/\\\/iberoforwarders.com\\\/es\\\/trabaja-con-nosotros#primaryimage\",\"url\":\"https:\\\/\\\/iberoforwarders.com\\\/wp-content\\\/uploads\\\/2024\\\/03\\\/work-with-us.jpg\",\"contentUrl\":\"https:\\\/\\\/iberoforwarders.com\\\/wp-content\\\/uploads\\\/2024\\\/03\\\/work-with-us.jpg\",\"width\":842,\"height\":561},{\"@type\":\"BreadcrumbList\",\"@id\":\"https:\\\/\\\/iberoforwarders.com\\\/es\\\/trabaja-con-nosotros#breadcrumb\",\"itemListElement\":[{\"@type\":\"ListItem\",\"position\":1,\"name\":\"Portada\",\"item\":\"https:\\\/\\\/iberoforwarders.com\\\/es\"},{\"@type\":\"ListItem\",\"position\":2,\"name\":\"Trabaja con nosotros\"}]},{\"@type\":\"WebSite\",\"@id\":\"https:\\\/\\\/iberoforwarders.com\\\/es\\\/#website\",\"url\":\"https:\\\/\\\/iberoforwarders.com\\\/es\\\/\",\"name\":\"Iberoforwarders\",\"description\":\"\",\"publisher\":{\"@id\":\"https:\\\/\\\/iberoforwarders.com\\\/es\\\/#organization\"},\"potentialAction\":[{\"@type\":\"SearchAction\",\"target\":{\"@type\":\"EntryPoint\",\"urlTemplate\":\"https:\\\/\\\/iberoforwarders.com\\\/es\\\/?s={search_term_string}\"},\"query-input\":{\"@type\":\"PropertyValueSpecification\",\"valueRequired\":true,\"valueName\":\"search_term_string\"}}],\"inLanguage\":\"es\"},{\"@type\":\"Organization\",\"@id\":\"https:\\\/\\\/iberoforwarders.com\\\/es\\\/#organization\",\"name\":\"Iberoforwarders\",\"url\":\"https:\\\/\\\/iberoforwarders.com\\\/es\\\/\",\"logo\":{\"@type\":\"ImageObject\",\"inLanguage\":\"es\",\"@id\":\"https:\\\/\\\/iberoforwarders.com\\\/es\\\/#\\\/schema\\\/logo\\\/image\\\/\",\"url\":\"https:\\\/\\\/iberoforwarders.com\\\/wp-content\\\/uploads\\\/2024\\\/02\\\/logo_iberfor.png\",\"contentUrl\":\"https:\\\/\\\/iberoforwarders.com\\\/wp-content\\\/uploads\\\/2024\\\/02\\\/logo_iberfor.png\",\"width\":302,\"height\":102,\"caption\":\"Iberoforwarders\"},\"image\":{\"@id\":\"https:\\\/\\\/iberoforwarders.com\\\/es\\\/#\\\/schema\\\/logo\\\/image\\\/\"}}]}<\/script>\n<!-- \/ Yoast SEO plugin. -->","yoast_head_json":{"title":"Trabaja con Iberoforwarders","description":"\u00bfBuscas empleo en el sector del transporte internacional? Env\u00eda tu curr\u00edculum a Iberoforwarders, una empresa con grandes posibilidades para tu talento.","robots":{"index":"index","follow":"follow","max-snippet":"max-snippet:-1","max-image-preview":"max-image-preview:large","max-video-preview":"max-video-preview:-1"},"canonical":"https:\/\/iberoforwarders.com\/es\/trabaja-con-nosotros","og_locale":"es_ES","og_type":"article","og_title":"Trabaja con Iberoforwarders","og_description":"\u00bfBuscas empleo en el sector del transporte internacional? Env\u00eda tu curr\u00edculum a Iberoforwarders, una empresa con grandes posibilidades para tu talento.","og_url":"https:\/\/iberoforwarders.com\/es\/trabaja-con-nosotros","og_site_name":"Iberoforwarders","article_modified_time":"2025-12-01T15:44:21+00:00","og_image":[{"width":842,"height":561,"url":"https:\/\/iberoforwarders.com\/wp-content\/uploads\/2024\/03\/work-with-us.jpg","type":"image\/jpeg"}],"twitter_card":"summary_large_image","twitter_misc":{"Tiempo de lectura":"2 minutos"},"schema":{"@context":"https:\/\/schema.org","@graph":[{"@type":"WebPage","@id":"https:\/\/iberoforwarders.com\/es\/trabaja-con-nosotros","url":"https:\/\/iberoforwarders.com\/es\/trabaja-con-nosotros","name":"Trabaja con Iberoforwarders","isPartOf":{"@id":"https:\/\/iberoforwarders.com\/es\/#website"},"primaryImageOfPage":{"@id":"https:\/\/iberoforwarders.com\/es\/trabaja-con-nosotros#primaryimage"},"image":{"@id":"https:\/\/iberoforwarders.com\/es\/trabaja-con-nosotros#primaryimage"},"thumbnailUrl":"https:\/\/iberoforwarders.com\/wp-content\/uploads\/2024\/03\/work-with-us.jpg","datePublished":"2024-04-06T17:06:54+00:00","dateModified":"2025-12-01T15:44:21+00:00","description":"\u00bfBuscas empleo en el sector del transporte internacional? Env\u00eda tu curr\u00edculum a Iberoforwarders, una empresa con grandes posibilidades para tu talento.","breadcrumb":{"@id":"https:\/\/iberoforwarders.com\/es\/trabaja-con-nosotros#breadcrumb"},"inLanguage":"es","potentialAction":[{"@type":"ReadAction","target":["https:\/\/iberoforwarders.com\/es\/trabaja-con-nosotros"]}]},{"@type":"ImageObject","inLanguage":"es","@id":"https:\/\/iberoforwarders.com\/es\/trabaja-con-nosotros#primaryimage","url":"https:\/\/iberoforwarders.com\/wp-content\/uploads\/2024\/03\/work-with-us.jpg","contentUrl":"https:\/\/iberoforwarders.com\/wp-content\/uploads\/2024\/03\/work-with-us.jpg","width":842,"height":561},{"@type":"BreadcrumbList","@id":"https:\/\/iberoforwarders.com\/es\/trabaja-con-nosotros#breadcrumb","itemListElement":[{"@type":"ListItem","position":1,"name":"Portada","item":"https:\/\/iberoforwarders.com\/es"},{"@type":"ListItem","position":2,"name":"Trabaja con nosotros"}]},{"@type":"WebSite","@id":"https:\/\/iberoforwarders.com\/es\/#website","url":"https:\/\/iberoforwarders.com\/es\/","name":"Iberoforwarders","description":"","publisher":{"@id":"https:\/\/iberoforwarders.com\/es\/#organization"},"potentialAction":[{"@type":"SearchAction","target":{"@type":"EntryPoint","urlTemplate":"https:\/\/iberoforwarders.com\/es\/?s={search_term_string}"},"query-input":{"@type":"PropertyValueSpecification","valueRequired":true,"valueName":"search_term_string"}}],"inLanguage":"es"},{"@type":"Organization","@id":"https:\/\/iberoforwarders.com\/es\/#organization","name":"Iberoforwarders","url":"https:\/\/iberoforwarders.com\/es\/","logo":{"@type":"ImageObject","inLanguage":"es","@id":"https:\/\/iberoforwarders.com\/es\/#\/schema\/logo\/image\/","url":"https:\/\/iberoforwarders.com\/wp-content\/uploads\/2024\/02\/logo_iberfor.png","contentUrl":"https:\/\/iberoforwarders.com\/wp-content\/uploads\/2024\/02\/logo_iberfor.png","width":302,"height":102,"caption":"Iberoforwarders"},"image":{"@id":"https:\/\/iberoforwarders.com\/es\/#\/schema\/logo\/image\/"}}]}},"_links":{"self":[{"href":"https:\/\/iberoforwarders.com\/es\/wp-json\/wp\/v2\/pages\/564","targetHints":{"allow":["GET"]}}],"collection":[{"href":"https:\/\/iberoforwarders.com\/es\/wp-json\/wp\/v2\/pages"}],"about":[{"href":"https:\/\/iberoforwarders.com\/es\/wp-json\/wp\/v2\/types\/page"}],"author":[{"embeddable":true,"href":"https:\/\/iberoforwarders.com\/es\/wp-json\/wp\/v2\/users\/1"}],"replies":[{"embeddable":true,"href":"https:\/\/iberoforwarders.com\/es\/wp-json\/wp\/v2\/comments?post=564"}],"version-history":[{"count":43,"href":"https:\/\/iberoforwarders.com\/es\/wp-json\/wp\/v2\/pages\/564\/revisions"}],"predecessor-version":[{"id":2964,"href":"https:\/\/iberoforwarders.com\/es\/wp-json\/wp\/v2\/pages\/564\/revisions\/2964"}],"wp:featuredmedia":[{"embeddable":true,"href":"https:\/\/iberoforwarders.com\/es\/wp-json\/wp\/v2\/media\/566"}],"wp:attachment":[{"href":"https:\/\/iberoforwarders.com\/es\/wp-json\/wp\/v2\/media?parent=564"}],"curies":[{"name":"wp","href":"https:\/\/api.w.org\/{rel}","templated":true}]}}