{"id":501,"date":"2024-04-06T19:06:54","date_gmt":"2024-04-06T17:06:54","guid":{"rendered":"https:\/\/iberoforwarders.es\/?page_id=501"},"modified":"2024-04-06T20:55:29","modified_gmt":"2024-04-06T18:55:29","slug":"servicios-iberfor","status":"publish","type":"page","link":"https:\/\/iberoforwarders.com\/es\/servicios-iberfor","title":{"rendered":"Servicios de Iberoforwarders"},"content":{"rendered":"\t\t<div data-elementor-type=\"wp-page\" data-elementor-id=\"501\" class=\"elementor elementor-501 elementor-2035\" data-elementor-post-type=\"page\">\n\t\t\t\t<div class=\"elementor-element elementor-element-6a34fc45 e-flex e-con-boxed e-con e-parent\" data-id=\"6a34fc45\" data-element_type=\"container\">\n\t\t\t\t\t<div class=\"e-con-inner\">\n\t\t<div class=\"elementor-element elementor-element-38af9afa e-flex e-con-boxed e-con e-child\" data-id=\"38af9afa\" data-element_type=\"container\">\n\t\t\t\t\t<div class=\"e-con-inner\">\n\t\t\t\t<div class=\"elementor-element elementor-element-48c6efb1 elementor-widget elementor-widget-heading\" data-id=\"48c6efb1\" data-element_type=\"widget\" data-widget_type=\"heading.default\">\n\t\t\t\t<div class=\"elementor-widget-container\">\n\t\t\t\t\t<h2 class=\"elementor-heading-title elementor-size-default\">Servicios de Iberoforwarders<\/h2>\t\t\t\t<\/div>\n\t\t\t\t<\/div>\n\t\t\t\t<div class=\"elementor-element elementor-element-6bca125 elementor-widget elementor-widget-html\" data-id=\"6bca125\" data-element_type=\"widget\" data-widget_type=\"html.default\">\n\t\t\t\t<div class=\"elementor-widget-container\">\n\t\t\t\t\t<div class=\"animated-line\">\n  <div class=\"white-section\"><\/div>\n<\/div>\n\t\t\t\t<\/div>\n\t\t\t\t<\/div>\n\t\t\t\t<div class=\"elementor-element elementor-element-5b51b486 elementor-widget elementor-widget-text-editor\" data-id=\"5b51b486\" data-element_type=\"widget\" data-widget_type=\"text-editor.default\">\n\t\t\t\t<div class=\"elementor-widget-container\">\n\t\t\t\t\t\t\t\t\t<p>En\u00a0<strong>Iberoforwarders<\/strong>\u00a0trabajamos para ofrecerte una gran variedad de servicios. Conoce m\u00e1s sobre lo que te podemos aportar y y contacta con nuestro equipo para\u00a0<a href=\"https:\/\/iberoforwarders.com\/es\/contacto\" target=\"_blank\" rel=\"noopener\"><span style=\"text-decoration: underline;\"><span style=\"color: #999999; text-decoration: underline;\">solicitar m\u00e1s informaci\u00f3n<\/span><\/span><\/a>.<\/p>\t\t\t\t\t\t\t\t<\/div>\n\t\t\t\t<\/div>\n\t\t\t\t\t<\/div>\n\t\t\t\t<\/div>\n\t\t\t\t\t<\/div>\n\t\t\t\t<\/div>\n\t\t<div class=\"elementor-element elementor-element-6ca0913a e-flex e-con-boxed e-con e-parent\" data-id=\"6ca0913a\" data-element_type=\"container\">\n\t\t\t\t\t<div class=\"e-con-inner\">\n\t\t\t\t<div class=\"elementor-element elementor-element-51acfd5 elementor-widget elementor-widget-heading\" data-id=\"51acfd5\" data-element_type=\"widget\" data-widget_type=\"heading.default\">\n\t\t\t\t<div class=\"elementor-widget-container\">\n\t\t\t\t\t<h2 class=\"elementor-heading-title elementor-size-default\">Transportes adaptados a las necesidades de cada sector<\/h2>\t\t\t\t<\/div>\n\t\t\t\t<\/div>\n\t\t<div class=\"elementor-element elementor-element-778dece9 e-flex e-con-boxed e-con e-child\" data-id=\"778dece9\" data-element_type=\"container\">\n\t\t\t\t\t<div class=\"e-con-inner\">\n\t\t<div class=\"elementor-element elementor-element-322cb607 e-flex e-con-boxed e-con e-child\" data-id=\"322cb607\" data-element_type=\"container\">\n\t\t\t\t\t<div class=\"e-con-inner\">\n\t\t\t\t<div class=\"elementor-element elementor-element-578f3936 elementor-cta--layout-image-above elementor-cta--skin-classic elementor-animated-content elementor-bg-transform elementor-bg-transform-zoom-in elementor-widget elementor-widget-call-to-action\" data-id=\"578f3936\" data-element_type=\"widget\" data-widget_type=\"call-to-action.default\">\n\t\t\t\t<div class=\"elementor-widget-container\">\n\t\t\t\t\t\t\t<a class=\"elementor-cta\" href=\"https:\/\/iberoforwarders.com\/es\/materiales-construccion\">\n\t\t\t\t\t<div class=\"elementor-cta__bg-wrapper\">\n\t\t\t\t<div class=\"elementor-cta__bg elementor-bg\" style=\"background-image: url(https:\/\/iberoforwarders.com\/wp-content\/uploads\/2024\/02\/construccion_cluster-768x1024.jpg);\" role=\"img\" aria-label=\"construccion_cluster\"><\/div>\n\t\t\t\t<div class=\"elementor-cta__bg-overlay\"><\/div>\n\t\t\t<\/div>\n\t\t\t\t\t\t\t<div class=\"elementor-cta__content\">\n\t\t\t\t\n\t\t\t\t\t\t\t\t\t<div class=\"elementor-cta__title elementor-cta__content-item elementor-content-item\">\n\t\t\t\t\t\tMateriales de construcci\u00f3n\t\t\t\t\t<\/div>\n\t\t\t\t\n\t\t\t\t\n\t\t\t\t\t\t\t<\/div>\n\t\t\t\t\t\t<\/a>\n\t\t\t\t\t\t<\/div>\n\t\t\t\t<\/div>\n\t\t\t\t\t<\/div>\n\t\t\t\t<\/div>\n\t\t<div class=\"elementor-element elementor-element-1e2c1948 e-flex e-con-boxed e-con e-child\" data-id=\"1e2c1948\" data-element_type=\"container\">\n\t\t\t\t\t<div class=\"e-con-inner\">\n\t\t\t\t<div class=\"elementor-element elementor-element-78b4ef57 elementor-cta--layout-image-above elementor-cta--skin-classic elementor-animated-content elementor-bg-transform elementor-bg-transform-zoom-in elementor-widget elementor-widget-call-to-action\" data-id=\"78b4ef57\" data-element_type=\"widget\" data-widget_type=\"call-to-action.default\">\n\t\t\t\t<div class=\"elementor-widget-container\">\n\t\t\t\t\t\t\t<a class=\"elementor-cta\" href=\"https:\/\/iberoforwarders.com\/es\/transporte-internacional-alimentacion\">\n\t\t\t\t\t<div class=\"elementor-cta__bg-wrapper\">\n\t\t\t\t<div class=\"elementor-cta__bg elementor-bg\" style=\"background-image: url(https:\/\/iberoforwarders.com\/wp-content\/uploads\/2024\/02\/alimentacion_sectores-1024x682.jpg);\" role=\"img\" aria-label=\"alimentacion_sectores\"><\/div>\n\t\t\t\t<div class=\"elementor-cta__bg-overlay\"><\/div>\n\t\t\t<\/div>\n\t\t\t\t\t\t\t<div class=\"elementor-cta__content\">\n\t\t\t\t\n\t\t\t\t\t\t\t\t\t<div class=\"elementor-cta__title elementor-cta__content-item elementor-content-item\">\n\t\t\t\t\t\tAlimentaci\u00f3n\t\t\t\t\t<\/div>\n\t\t\t\t\n\t\t\t\t\n\t\t\t\t\t\t\t<\/div>\n\t\t\t\t\t\t<\/a>\n\t\t\t\t\t\t<\/div>\n\t\t\t\t<\/div>\n\t\t\t\t\t<\/div>\n\t\t\t\t<\/div>\n\t\t<div class=\"elementor-element elementor-element-1f4a788c e-flex e-con-boxed e-con e-child\" data-id=\"1f4a788c\" data-element_type=\"container\">\n\t\t\t\t\t<div class=\"e-con-inner\">\n\t\t\t\t<div class=\"elementor-element elementor-element-4a63c642 elementor-cta--layout-image-above elementor-cta--skin-classic elementor-animated-content elementor-bg-transform elementor-bg-transform-zoom-in elementor-widget elementor-widget-call-to-action\" data-id=\"4a63c642\" data-element_type=\"widget\" data-widget_type=\"call-to-action.default\">\n\t\t\t\t<div class=\"elementor-widget-container\">\n\t\t\t\t\t\t\t<a class=\"elementor-cta\" href=\"https:\/\/iberoforwarders.com\/es\/bebidas-y-licores\">\n\t\t\t\t\t<div class=\"elementor-cta__bg-wrapper\">\n\t\t\t\t<div class=\"elementor-cta__bg elementor-bg\" style=\"background-image: url(https:\/\/iberoforwarders.com\/wp-content\/uploads\/2024\/02\/bebidas_2_2-1024x768.jpg);\" role=\"img\" aria-label=\"bebidas_2_2\"><\/div>\n\t\t\t\t<div class=\"elementor-cta__bg-overlay\"><\/div>\n\t\t\t<\/div>\n\t\t\t\t\t\t\t<div class=\"elementor-cta__content\">\n\t\t\t\t\n\t\t\t\t\t\t\t\t\t<div class=\"elementor-cta__title elementor-cta__content-item elementor-content-item\">\n\t\t\t\t\t\tBebidas\t\t\t\t\t<\/div>\n\t\t\t\t\n\t\t\t\t\n\t\t\t\t\t\t\t<\/div>\n\t\t\t\t\t\t<\/a>\n\t\t\t\t\t\t<\/div>\n\t\t\t\t<\/div>\n\t\t\t\t\t<\/div>\n\t\t\t\t<\/div>\n\t\t\t\t\t<\/div>\n\t\t\t\t<\/div>\n\t\t<div class=\"elementor-element elementor-element-b6eeee2 e-flex e-con-boxed e-con e-child\" data-id=\"b6eeee2\" data-element_type=\"container\">\n\t\t\t\t\t<div class=\"e-con-inner\">\n\t\t<div class=\"elementor-element elementor-element-7583bd7 e-flex e-con-boxed e-con e-child\" data-id=\"7583bd7\" data-element_type=\"container\">\n\t\t\t\t\t<div class=\"e-con-inner\">\n\t\t\t\t<div class=\"elementor-element elementor-element-697aad5 elementor-cta--layout-image-above elementor-cta--skin-classic elementor-animated-content elementor-bg-transform elementor-bg-transform-zoom-in elementor-widget elementor-widget-call-to-action\" data-id=\"697aad5\" data-element_type=\"widget\" data-widget_type=\"call-to-action.default\">\n\t\t\t\t<div class=\"elementor-widget-container\">\n\t\t\t\t\t\t\t<a class=\"elementor-cta\" href=\"https:\/\/iberoforwarders.com\/es\/calzado\">\n\t\t\t\t\t<div class=\"elementor-cta__bg-wrapper\">\n\t\t\t\t<div class=\"elementor-cta__bg elementor-bg\" style=\"background-image: url(https:\/\/iberoforwarders.com\/wp-content\/uploads\/2024\/02\/calzado_general_sectores-1024x682.jpg);\" role=\"img\" aria-label=\"calzado_general_sectores\"><\/div>\n\t\t\t\t<div class=\"elementor-cta__bg-overlay\"><\/div>\n\t\t\t<\/div>\n\t\t\t\t\t\t\t<div class=\"elementor-cta__content\">\n\t\t\t\t\n\t\t\t\t\t\t\t\t\t<div class=\"elementor-cta__title elementor-cta__content-item elementor-content-item\">\n\t\t\t\t\t\tCalzado\t\t\t\t\t<\/div>\n\t\t\t\t\n\t\t\t\t\n\t\t\t\t\t\t\t<\/div>\n\t\t\t\t\t\t<\/a>\n\t\t\t\t\t\t<\/div>\n\t\t\t\t<\/div>\n\t\t\t\t\t<\/div>\n\t\t\t\t<\/div>\n\t\t<div class=\"elementor-element elementor-element-066dca3 e-flex e-con-boxed e-con e-child\" data-id=\"066dca3\" data-element_type=\"container\">\n\t\t\t\t\t<div class=\"e-con-inner\">\n\t\t\t\t<div class=\"elementor-element elementor-element-321998b elementor-cta--layout-image-above elementor-cta--skin-classic elementor-animated-content elementor-bg-transform elementor-bg-transform-zoom-in elementor-widget elementor-widget-call-to-action\" data-id=\"321998b\" data-element_type=\"widget\" data-widget_type=\"call-to-action.default\">\n\t\t\t\t<div class=\"elementor-widget-container\">\n\t\t\t\t\t\t\t<a class=\"elementor-cta\" href=\"https:\/\/iberoforwarders.com\/es\/carga-pesada\">\n\t\t\t\t\t<div class=\"elementor-cta__bg-wrapper\">\n\t\t\t\t<div class=\"elementor-cta__bg elementor-bg\" style=\"background-image: url(https:\/\/iberoforwarders.com\/wp-content\/uploads\/2024\/02\/carga_pesada_sectores-1024x682.jpg);\" role=\"img\" aria-label=\"carga_pesada_sectores\"><\/div>\n\t\t\t\t<div class=\"elementor-cta__bg-overlay\"><\/div>\n\t\t\t<\/div>\n\t\t\t\t\t\t\t<div class=\"elementor-cta__content\">\n\t\t\t\t\n\t\t\t\t\t\t\t\t\t<div class=\"elementor-cta__title elementor-cta__content-item elementor-content-item\">\n\t\t\t\t\t\tCarga pesada\t\t\t\t\t<\/div>\n\t\t\t\t\n\t\t\t\t\n\t\t\t\t\t\t\t<\/div>\n\t\t\t\t\t\t<\/a>\n\t\t\t\t\t\t<\/div>\n\t\t\t\t<\/div>\n\t\t\t\t\t<\/div>\n\t\t\t\t<\/div>\n\t\t<div class=\"elementor-element elementor-element-c083c9e e-flex e-con-boxed e-con e-child\" data-id=\"c083c9e\" data-element_type=\"container\">\n\t\t\t\t\t<div class=\"e-con-inner\">\n\t\t\t\t<div class=\"elementor-element elementor-element-230193a elementor-cta--layout-image-above elementor-cta--skin-classic elementor-animated-content elementor-bg-transform elementor-bg-transform-zoom-in elementor-widget elementor-widget-call-to-action\" data-id=\"230193a\" data-element_type=\"widget\" data-widget_type=\"call-to-action.default\">\n\t\t\t\t<div class=\"elementor-widget-container\">\n\t\t\t\t\t\t\t<a class=\"elementor-cta\" href=\"https:\/\/iberoforwarders.com\/es\/comestica-y-perfumeria\">\n\t\t\t\t\t<div class=\"elementor-cta__bg-wrapper\">\n\t\t\t\t<div class=\"elementor-cta__bg elementor-bg\" style=\"background-image: url(https:\/\/iberoforwarders.com\/wp-content\/uploads\/2024\/03\/cosmetica_2-1024x683.jpg);\" role=\"img\" aria-label=\"cosmetica_2\"><\/div>\n\t\t\t\t<div class=\"elementor-cta__bg-overlay\"><\/div>\n\t\t\t<\/div>\n\t\t\t\t\t\t\t<div class=\"elementor-cta__content\">\n\t\t\t\t\n\t\t\t\t\t\t\t\t\t<div class=\"elementor-cta__title elementor-cta__content-item elementor-content-item\">\n\t\t\t\t\t\tCosm\u00e9tica\t\t\t\t\t<\/div>\n\t\t\t\t\n\t\t\t\t\n\t\t\t\t\t\t\t<\/div>\n\t\t\t\t\t\t<\/a>\n\t\t\t\t\t\t<\/div>\n\t\t\t\t<\/div>\n\t\t\t\t\t<\/div>\n\t\t\t\t<\/div>\n\t\t\t\t\t<\/div>\n\t\t\t\t<\/div>\n\t\t<div class=\"elementor-element elementor-element-758c4036 e-flex e-con-boxed e-con e-child\" data-id=\"758c4036\" data-element_type=\"container\">\n\t\t\t\t\t<div class=\"e-con-inner\">\n\t\t<div class=\"elementor-element elementor-element-24edac0 e-flex e-con-boxed e-con e-child\" data-id=\"24edac0\" data-element_type=\"container\">\n\t\t\t\t\t<div class=\"e-con-inner\">\n\t\t\t\t<div class=\"elementor-element elementor-element-337a29b9 elementor-cta--layout-image-above elementor-cta--skin-classic elementor-animated-content elementor-bg-transform elementor-bg-transform-zoom-in elementor-widget elementor-widget-call-to-action\" data-id=\"337a29b9\" data-element_type=\"widget\" data-widget_type=\"call-to-action.default\">\n\t\t\t\t<div class=\"elementor-widget-container\">\n\t\t\t\t\t\t\t<a class=\"elementor-cta\" href=\"https:\/\/iberoforwarders.com\/es\/textil\">\n\t\t\t\t\t<div class=\"elementor-cta__bg-wrapper\">\n\t\t\t\t<div class=\"elementor-cta__bg elementor-bg\" style=\"background-image: url(https:\/\/iberoforwarders.com\/wp-content\/uploads\/2024\/03\/textiles-1024x615.jpg);\" role=\"img\" aria-label=\"textiles\"><\/div>\n\t\t\t\t<div class=\"elementor-cta__bg-overlay\"><\/div>\n\t\t\t<\/div>\n\t\t\t\t\t\t\t<div class=\"elementor-cta__content\">\n\t\t\t\t\n\t\t\t\t\t\t\t\t\t<div class=\"elementor-cta__title elementor-cta__content-item elementor-content-item\">\n\t\t\t\t\t\tTextil\t\t\t\t\t<\/div>\n\t\t\t\t\n\t\t\t\t\n\t\t\t\t\t\t\t<\/div>\n\t\t\t\t\t\t<\/a>\n\t\t\t\t\t\t<\/div>\n\t\t\t\t<\/div>\n\t\t\t\t\t<\/div>\n\t\t\t\t<\/div>\n\t\t<div class=\"elementor-element elementor-element-334b8df2 e-flex e-con-boxed e-con e-child\" data-id=\"334b8df2\" data-element_type=\"container\">\n\t\t\t\t\t<div class=\"e-con-inner\">\n\t\t\t\t<div class=\"elementor-element elementor-element-41a1ebdb elementor-cta--layout-image-above elementor-cta--skin-classic elementor-animated-content elementor-bg-transform elementor-bg-transform-zoom-in elementor-widget elementor-widget-call-to-action\" data-id=\"41a1ebdb\" data-element_type=\"widget\" data-widget_type=\"call-to-action.default\">\n\t\t\t\t<div class=\"elementor-widget-container\">\n\t\t\t\t\t\t\t<a class=\"elementor-cta\" href=\"https:\/\/iberoforwarders.com\/es\/mercancias-peligrosas\">\n\t\t\t\t\t<div class=\"elementor-cta__bg-wrapper\">\n\t\t\t\t<div class=\"elementor-cta__bg elementor-bg\" style=\"background-image: url(https:\/\/iberoforwarders.com\/wp-content\/uploads\/2024\/02\/mercancias_peligrosas_header-1024x682.jpg);\" role=\"img\" aria-label=\"mercancias_peligrosas_header\"><\/div>\n\t\t\t\t<div class=\"elementor-cta__bg-overlay\"><\/div>\n\t\t\t<\/div>\n\t\t\t\t\t\t\t<div class=\"elementor-cta__content\">\n\t\t\t\t\n\t\t\t\t\t\t\t\t\t<div class=\"elementor-cta__title elementor-cta__content-item elementor-content-item\">\n\t\t\t\t\t\tMercanc\u00edas peligrosas\t\t\t\t\t<\/div>\n\t\t\t\t\n\t\t\t\t\n\t\t\t\t\t\t\t<\/div>\n\t\t\t\t\t\t<\/a>\n\t\t\t\t\t\t<\/div>\n\t\t\t\t<\/div>\n\t\t\t\t\t<\/div>\n\t\t\t\t<\/div>\n\t\t<div class=\"elementor-element elementor-element-1d1208 e-flex e-con-boxed e-con e-child\" data-id=\"1d1208\" data-element_type=\"container\">\n\t\t\t\t\t<div class=\"e-con-inner\">\n\t\t\t\t<div class=\"elementor-element elementor-element-65b2635e elementor-cta--layout-image-above elementor-cta--skin-classic elementor-animated-content elementor-bg-transform elementor-bg-transform-zoom-in elementor-widget elementor-widget-call-to-action\" data-id=\"65b2635e\" data-element_type=\"widget\" data-widget_type=\"call-to-action.default\">\n\t\t\t\t<div class=\"elementor-widget-container\">\n\t\t\t\t\t\t\t<a class=\"elementor-cta\" href=\"https:\/\/iberoforwarders.com\/es\/farmaceutico\">\n\t\t\t\t\t<div class=\"elementor-cta__bg-wrapper\">\n\t\t\t\t<div class=\"elementor-cta__bg elementor-bg\" style=\"background-image: url(https:\/\/iberoforwarders.com\/wp-content\/uploads\/2024\/02\/farmacia_2-1024x682.jpg);\" role=\"img\" aria-label=\"farmacia_2\"><\/div>\n\t\t\t\t<div class=\"elementor-cta__bg-overlay\"><\/div>\n\t\t\t<\/div>\n\t\t\t\t\t\t\t<div class=\"elementor-cta__content\">\n\t\t\t\t\n\t\t\t\t\t\t\t\t\t<div class=\"elementor-cta__title elementor-cta__content-item elementor-content-item\">\n\t\t\t\t\t\tFarmac\u00e9utico\t\t\t\t\t<\/div>\n\t\t\t\t\n\t\t\t\t\n\t\t\t\t\t\t\t<\/div>\n\t\t\t\t\t\t<\/a>\n\t\t\t\t\t\t<\/div>\n\t\t\t\t<\/div>\n\t\t\t\t\t<\/div>\n\t\t\t\t<\/div>\n\t\t\t\t\t<\/div>\n\t\t\t\t<\/div>\n\t\t\t\t\t<\/div>\n\t\t\t\t<\/div>\n\t\t\t\t<\/div>\n\t\t","protected":false},"excerpt":{"rendered":"<p>Servicios de Iberoforwarders En\u00a0Iberoforwarders\u00a0trabajamos para ofrecerte una gran variedad de servicios. Conoce m\u00e1s sobre lo que te podemos aportar y y contacta con nuestro equipo para\u00a0solicitar m\u00e1s informaci\u00f3n. Transportes adaptados a las necesidades de cada sector Materiales de construcci\u00f3n Alimentaci\u00f3n Bebidas Calzado Carga pesada Cosm\u00e9tica Textil Mercanc\u00edas peligrosas Farmac\u00e9utico<\/p>\n","protected":false},"author":1,"featured_media":1906,"parent":0,"menu_order":0,"comment_status":"closed","ping_status":"closed","template":"","meta":{"footnotes":""},"class_list":["post-501","page","type-page","status-publish","has-post-thumbnail","hentry"],"yoast_head":"<!-- This site is optimized with the Yoast SEO plugin v26.6 - https:\/\/yoast.com\/wordpress\/plugins\/seo\/ -->\n<title>Servicios de Iberoforwarders<\/title>\n<meta name=\"robots\" content=\"index, follow, max-snippet:-1, max-image-preview:large, max-video-preview:-1\" \/>\n<link rel=\"canonical\" href=\"https:\/\/iberoforwarders.com\/es\/servicios-iberfor\" \/>\n<meta property=\"og:locale\" content=\"es_ES\" \/>\n<meta property=\"og:type\" content=\"article\" \/>\n<meta property=\"og:title\" content=\"Servicios de Iberoforwarders\" \/>\n<meta property=\"og:description\" content=\"Servicios de Iberoforwarders En\u00a0Iberoforwarders\u00a0trabajamos para ofrecerte una gran variedad de servicios. Conoce m\u00e1s sobre lo que te podemos aportar y y contacta con nuestro equipo para\u00a0solicitar m\u00e1s informaci\u00f3n. Transportes adaptados a las necesidades de cada sector Materiales de construcci\u00f3n Alimentaci\u00f3n Bebidas Calzado Carga pesada Cosm\u00e9tica Textil Mercanc\u00edas peligrosas Farmac\u00e9utico\" \/>\n<meta property=\"og:url\" content=\"https:\/\/iberoforwarders.com\/es\/servicios-iberfor\" \/>\n<meta property=\"og:site_name\" content=\"Iberoforwarders\" \/>\n<meta property=\"article:modified_time\" content=\"2024-04-06T18:55:29+00:00\" \/>\n<meta property=\"og:image\" content=\"https:\/\/iberoforwarders.com\/wp-content\/uploads\/2024\/03\/Transporte-Canarias-scaled.jpg\" \/>\n\t<meta property=\"og:image:width\" content=\"2560\" \/>\n\t<meta property=\"og:image:height\" content=\"1707\" \/>\n\t<meta property=\"og:image:type\" content=\"image\/jpeg\" \/>\n<meta name=\"twitter:card\" content=\"summary_large_image\" \/>\n<meta name=\"twitter:label1\" content=\"Tiempo de lectura\" \/>\n\t<meta name=\"twitter:data1\" content=\"1 minuto\" \/>\n<script type=\"application\/ld+json\" class=\"yoast-schema-graph\">{\"@context\":\"https:\/\/schema.org\",\"@graph\":[{\"@type\":\"WebPage\",\"@id\":\"https:\/\/iberoforwarders.com\/es\/servicios-iberfor\",\"url\":\"https:\/\/iberoforwarders.com\/es\/servicios-iberfor\",\"name\":\"Servicios de Iberoforwarders\",\"isPartOf\":{\"@id\":\"https:\/\/iberoforwarders.com\/es\/#website\"},\"primaryImageOfPage\":{\"@id\":\"https:\/\/iberoforwarders.com\/es\/servicios-iberfor#primaryimage\"},\"image\":{\"@id\":\"https:\/\/iberoforwarders.com\/es\/servicios-iberfor#primaryimage\"},\"thumbnailUrl\":\"https:\/\/iberoforwarders.com\/wp-content\/uploads\/2024\/03\/Transporte-Canarias-scaled.jpg\",\"datePublished\":\"2024-04-06T17:06:54+00:00\",\"dateModified\":\"2024-04-06T18:55:29+00:00\",\"breadcrumb\":{\"@id\":\"https:\/\/iberoforwarders.com\/es\/servicios-iberfor#breadcrumb\"},\"inLanguage\":\"es\",\"potentialAction\":[{\"@type\":\"ReadAction\",\"target\":[\"https:\/\/iberoforwarders.com\/es\/servicios-iberfor\"]}]},{\"@type\":\"ImageObject\",\"inLanguage\":\"es\",\"@id\":\"https:\/\/iberoforwarders.com\/es\/servicios-iberfor#primaryimage\",\"url\":\"https:\/\/iberoforwarders.com\/wp-content\/uploads\/2024\/03\/Transporte-Canarias-scaled.jpg\",\"contentUrl\":\"https:\/\/iberoforwarders.com\/wp-content\/uploads\/2024\/03\/Transporte-Canarias-scaled.jpg\",\"width\":2560,\"height\":1707},{\"@type\":\"BreadcrumbList\",\"@id\":\"https:\/\/iberoforwarders.com\/es\/servicios-iberfor#breadcrumb\",\"itemListElement\":[{\"@type\":\"ListItem\",\"position\":1,\"name\":\"Portada\",\"item\":\"https:\/\/iberoforwarders.com\/es\"},{\"@type\":\"ListItem\",\"position\":2,\"name\":\"Servicios de Iberoforwarders\"}]},{\"@type\":\"WebSite\",\"@id\":\"https:\/\/iberoforwarders.com\/es\/#website\",\"url\":\"https:\/\/iberoforwarders.com\/es\/\",\"name\":\"Iberoforwarders\",\"description\":\"\",\"publisher\":{\"@id\":\"https:\/\/iberoforwarders.com\/es\/#organization\"},\"potentialAction\":[{\"@type\":\"SearchAction\",\"target\":{\"@type\":\"EntryPoint\",\"urlTemplate\":\"https:\/\/iberoforwarders.com\/es\/?s={search_term_string}\"},\"query-input\":{\"@type\":\"PropertyValueSpecification\",\"valueRequired\":true,\"valueName\":\"search_term_string\"}}],\"inLanguage\":\"es\"},{\"@type\":\"Organization\",\"@id\":\"https:\/\/iberoforwarders.com\/es\/#organization\",\"name\":\"Iberoforwarders\",\"url\":\"https:\/\/iberoforwarders.com\/es\/\",\"logo\":{\"@type\":\"ImageObject\",\"inLanguage\":\"es\",\"@id\":\"https:\/\/iberoforwarders.com\/es\/#\/schema\/logo\/image\/\",\"url\":\"https:\/\/iberoforwarders.com\/wp-content\/uploads\/2024\/02\/logo_iberfor.png\",\"contentUrl\":\"https:\/\/iberoforwarders.com\/wp-content\/uploads\/2024\/02\/logo_iberfor.png\",\"width\":302,\"height\":102,\"caption\":\"Iberoforwarders\"},\"image\":{\"@id\":\"https:\/\/iberoforwarders.com\/es\/#\/schema\/logo\/image\/\"}}]}<\/script>\n<!-- \/ Yoast SEO plugin. -->","yoast_head_json":{"title":"Servicios de Iberoforwarders","robots":{"index":"index","follow":"follow","max-snippet":"max-snippet:-1","max-image-preview":"max-image-preview:large","max-video-preview":"max-video-preview:-1"},"canonical":"https:\/\/iberoforwarders.com\/es\/servicios-iberfor","og_locale":"es_ES","og_type":"article","og_title":"Servicios de Iberoforwarders","og_description":"Servicios de Iberoforwarders En\u00a0Iberoforwarders\u00a0trabajamos para ofrecerte una gran variedad de servicios. Conoce m\u00e1s sobre lo que te podemos aportar y y contacta con nuestro equipo para\u00a0solicitar m\u00e1s informaci\u00f3n. Transportes adaptados a las necesidades de cada sector Materiales de construcci\u00f3n Alimentaci\u00f3n Bebidas Calzado Carga pesada Cosm\u00e9tica Textil Mercanc\u00edas peligrosas Farmac\u00e9utico","og_url":"https:\/\/iberoforwarders.com\/es\/servicios-iberfor","og_site_name":"Iberoforwarders","article_modified_time":"2024-04-06T18:55:29+00:00","og_image":[{"width":2560,"height":1707,"url":"https:\/\/iberoforwarders.com\/wp-content\/uploads\/2024\/03\/Transporte-Canarias-scaled.jpg","type":"image\/jpeg"}],"twitter_card":"summary_large_image","twitter_misc":{"Tiempo de lectura":"1 minuto"},"schema":{"@context":"https:\/\/schema.org","@graph":[{"@type":"WebPage","@id":"https:\/\/iberoforwarders.com\/es\/servicios-iberfor","url":"https:\/\/iberoforwarders.com\/es\/servicios-iberfor","name":"Servicios de Iberoforwarders","isPartOf":{"@id":"https:\/\/iberoforwarders.com\/es\/#website"},"primaryImageOfPage":{"@id":"https:\/\/iberoforwarders.com\/es\/servicios-iberfor#primaryimage"},"image":{"@id":"https:\/\/iberoforwarders.com\/es\/servicios-iberfor#primaryimage"},"thumbnailUrl":"https:\/\/iberoforwarders.com\/wp-content\/uploads\/2024\/03\/Transporte-Canarias-scaled.jpg","datePublished":"2024-04-06T17:06:54+00:00","dateModified":"2024-04-06T18:55:29+00:00","breadcrumb":{"@id":"https:\/\/iberoforwarders.com\/es\/servicios-iberfor#breadcrumb"},"inLanguage":"es","potentialAction":[{"@type":"ReadAction","target":["https:\/\/iberoforwarders.com\/es\/servicios-iberfor"]}]},{"@type":"ImageObject","inLanguage":"es","@id":"https:\/\/iberoforwarders.com\/es\/servicios-iberfor#primaryimage","url":"https:\/\/iberoforwarders.com\/wp-content\/uploads\/2024\/03\/Transporte-Canarias-scaled.jpg","contentUrl":"https:\/\/iberoforwarders.com\/wp-content\/uploads\/2024\/03\/Transporte-Canarias-scaled.jpg","width":2560,"height":1707},{"@type":"BreadcrumbList","@id":"https:\/\/iberoforwarders.com\/es\/servicios-iberfor#breadcrumb","itemListElement":[{"@type":"ListItem","position":1,"name":"Portada","item":"https:\/\/iberoforwarders.com\/es"},{"@type":"ListItem","position":2,"name":"Servicios de Iberoforwarders"}]},{"@type":"WebSite","@id":"https:\/\/iberoforwarders.com\/es\/#website","url":"https:\/\/iberoforwarders.com\/es\/","name":"Iberoforwarders","description":"","publisher":{"@id":"https:\/\/iberoforwarders.com\/es\/#organization"},"potentialAction":[{"@type":"SearchAction","target":{"@type":"EntryPoint","urlTemplate":"https:\/\/iberoforwarders.com\/es\/?s={search_term_string}"},"query-input":{"@type":"PropertyValueSpecification","valueRequired":true,"valueName":"search_term_string"}}],"inLanguage":"es"},{"@type":"Organization","@id":"https:\/\/iberoforwarders.com\/es\/#organization","name":"Iberoforwarders","url":"https:\/\/iberoforwarders.com\/es\/","logo":{"@type":"ImageObject","inLanguage":"es","@id":"https:\/\/iberoforwarders.com\/es\/#\/schema\/logo\/image\/","url":"https:\/\/iberoforwarders.com\/wp-content\/uploads\/2024\/02\/logo_iberfor.png","contentUrl":"https:\/\/iberoforwarders.com\/wp-content\/uploads\/2024\/02\/logo_iberfor.png","width":302,"height":102,"caption":"Iberoforwarders"},"image":{"@id":"https:\/\/iberoforwarders.com\/es\/#\/schema\/logo\/image\/"}}]}},"_links":{"self":[{"href":"https:\/\/iberoforwarders.com\/es\/wp-json\/wp\/v2\/pages\/501","targetHints":{"allow":["GET"]}}],"collection":[{"href":"https:\/\/iberoforwarders.com\/es\/wp-json\/wp\/v2\/pages"}],"about":[{"href":"https:\/\/iberoforwarders.com\/es\/wp-json\/wp\/v2\/types\/page"}],"author":[{"embeddable":true,"href":"https:\/\/iberoforwarders.com\/es\/wp-json\/wp\/v2\/users\/1"}],"replies":[{"embeddable":true,"href":"https:\/\/iberoforwarders.com\/es\/wp-json\/wp\/v2\/comments?post=501"}],"version-history":[{"count":10,"href":"https:\/\/iberoforwarders.com\/es\/wp-json\/wp\/v2\/pages\/501\/revisions"}],"predecessor-version":[{"id":589,"href":"https:\/\/iberoforwarders.com\/es\/wp-json\/wp\/v2\/pages\/501\/revisions\/589"}],"wp:featuredmedia":[{"embeddable":true,"href":"https:\/\/iberoforwarders.com\/es\/wp-json\/wp\/v2\/media\/1906"}],"wp:attachment":[{"href":"https:\/\/iberoforwarders.com\/es\/wp-json\/wp\/v2\/media?parent=501"}],"curies":[{"name":"wp","href":"https:\/\/api.w.org\/{rel}","templated":true}]}}