{"id":317,"date":"2024-02-27T20:09:45","date_gmt":"2024-02-27T19:09:45","guid":{"rendered":"https:\/\/iberoforwarders.es\/?page_id=317"},"modified":"2024-02-27T20:53:24","modified_gmt":"2024-02-27T19:53:24","slug":"aviso-legal","status":"publish","type":"page","link":"https:\/\/iberoforwarders.com\/es\/aviso-legal","title":{"rendered":"Aviso Legal"},"content":{"rendered":"\t\t<div data-elementor-type=\"wp-page\" data-elementor-id=\"317\" class=\"elementor elementor-317\" data-elementor-post-type=\"page\">\n\t\t\t\t<div class=\"elementor-element elementor-element-5c3716a2 e-con-full e-flex e-con e-parent\" data-id=\"5c3716a2\" data-element_type=\"container\" data-e-type=\"container\">\n\t\t<div class=\"elementor-element elementor-element-468e3bca e-flex e-con-boxed e-con e-child\" data-id=\"468e3bca\" data-element_type=\"container\" data-e-type=\"container\">\n\t\t\t\t\t<div class=\"e-con-inner\">\n\t\t\t\t<div class=\"elementor-element elementor-element-7311d45a elementor-widget elementor-widget-heading\" data-id=\"7311d45a\" data-element_type=\"widget\" data-e-type=\"widget\" data-widget_type=\"heading.default\">\n\t\t\t\t<div class=\"elementor-widget-container\">\n\t\t\t\t\t<h2 class=\"elementor-heading-title elementor-size-default\">Aviso Legal<\/h2>\t\t\t\t<\/div>\n\t\t\t\t<\/div>\n\t\t\t\t<div class=\"elementor-element elementor-element-186bef4c elementor-widget elementor-widget-html\" data-id=\"186bef4c\" data-element_type=\"widget\" data-e-type=\"widget\" data-widget_type=\"html.default\">\n\t\t\t\t<div class=\"elementor-widget-container\">\n\t\t\t\t\t<div class=\"animated-line\">\n  <div class=\"white-section\"><\/div>\n<\/div>\n\t\t\t\t<\/div>\n\t\t\t\t<\/div>\n\t\t\t\t<div class=\"elementor-element elementor-element-577638b5 elementor-widget elementor-widget-text-editor\" data-id=\"577638b5\" data-element_type=\"widget\" data-e-type=\"widget\" data-widget_type=\"text-editor.default\">\n\t\t\t\t<div class=\"elementor-widget-container\">\n\t\t\t\t\t\t\t\t\t<p>Este apartado recoge informaci\u00f3n relacionada con las condiciones generales de acceso y uso del sitio web www.iberoforwarders.com que deben ser expuestas y conocidas por los usuarios, a los efectos previstos en la Ley 34\/2002, de 11 de julio, de Servicios de la Sociedad de la Informaci\u00f3n y de Comercio Electr\u00f3nico.<\/p><p>El uso de este sitio web y su contenido est\u00e1 sujeto a este Aviso Legal. En el caso de que no aceptarlo, rogamos abandone este sitio web.<\/p><h2>Condiciones de acceso a www.iberoforwarder.com<\/h2><p>El acceso a este sitio web es responsabilidad exclusiva de los usuarios. Su entrada al mismo supone la aceptaci\u00f3n y conocimiento de los t\u00e9rminos y condiciones, as\u00ed como las advertencias legales expuestas.<\/p><p>El acceso y navegaci\u00f3n por los diferentes espacios ofrecidos en la web es gratuito, no requiere suscripciones ni registros, pudi\u00e9ndose solicitar registro en aquellos apartados que por sus caracter\u00edsticas requieran la identificaci\u00f3n del propio usuario.<\/p><p>El nombre de usuario y la contrase\u00f1a son elementos identificadores y habilitadores para acceder a los servicios y tienen car\u00e1cter personal e intransferible.<\/p><h2>Condiciones de uso de www.iberoforwarders.com<\/h2><p>El usuario se compromete a realizar un uso adecuado de los servicios y\/o los contenidos del sitio web. Se compromete a no utilizarlos para actividades il\u00edcitas o que infrinjan cualquier otra norma del ordenamiento jur\u00eddico. Se concluye que la utilizaci\u00f3n que se realice del contenido recogido en este sitio web es responsabilidad exclusiva del usuario.<\/p><p>Los usuarios garantizan la autenticidad y veracidad de la informaci\u00f3n que comuniquen a Iberoforwarders, responsabiliz\u00e1ndose de la falta de veracidad de los datos aportados.<\/p><p>El usuario se compromete a no difundir, ni registrar: Contenidos racistas, xen\u00f3fobos, material pornogr\u00e1fico, de apolog\u00eda del terrorismo o que atenten contra los derechos humanos. Contenidos que inciten a la consecuci\u00f3n de actos delictivos, difamatorios, o contrarios a la ley, la moral, y el orden p\u00fablico. Contenidos que atenten contra los derechos fundamentales y las libertades constitucionales y tratados internacionales. Informaci\u00f3n y datos sobre terceros sin contar con las autorizaciones pertinentes. Contenidos que representen una violaci\u00f3n de los derechos de propiedad intelectual e industrial, de Iberoforwarders. Programas de datos que puedan causar da\u00f1os en los sistemas inform\u00e1ticos.<\/p><h2>Propiedad intelectual e industrial<\/h2><p>Cada uno de los contenidos recogidos en este sitio web son propiedad de Iberoforwarders. El dise\u00f1o y software son propiedad de Iberoforwarders o de sus proveedores de software.<\/p><p>Queda prohibida la realizaci\u00f3n de: Cualquier distribuci\u00f3n, venta, alquiler o pr\u00e9stamo de material. Cualquier reproducci\u00f3n directa o indirecta del contenido de este sitio web.<\/p><p>El usuario s\u00ed puede visualizar el sitio web y sus contenidos y descargarlos para uso personal y no comercial. Los letreros, iconos y logotipos que aparecen en este sitio web son titularidad de Iberoforwarders o han sido objeto de licencia y est\u00e1n registrados o en proceso de registro. El uso no autorizado de estos elementos es una infracci\u00f3n de los derechos de propiedad industrial de Iberoforwarders.<\/p><p>En todo caso, los usuarios pueden ejercitar los derechos de acceso, rectificaci\u00f3n, cancelaci\u00f3n y oposici\u00f3n, previstos por la Ley, dirigiendo un escrito a IBEROFORWARDERS, Avda. de la Antigua Peseta, Parcela 141\u2013Pol\u00edgono Industrial Las Atalayas \u2013 03114 Alicante (Espa\u00f1a), acompa\u00f1ando copia de su DNI. Para cualquier aclaraci\u00f3n, informaci\u00f3n, sugerencia, queja, etc. pueden usar el formulario de contacto de esta web o dirigirse a Avda. de la Antigua Peseta, Parcela 141\u2013Pol\u00edgono Industrial Las Atalayas \u2013 03114 Alicante (Espain) Tel\u00e9fono +34 96 510 7788 \u2013 Fax +34 96 510 7540.<\/p><h2>Cookies<\/h2><p>Iberoforwarders est\u00e1 autorizada para emplear cookies durante el acceso a la presente p\u00e1gina web. Esta herramienta se activa de manera autom\u00e1tica y est\u00e1 dirigida a facilitar la recogida de informaci\u00f3n relacionada con las preferencias de los diferentes usuarios que acceden a esta p\u00e1gina web. Cualquier usuario cuenta con la posibilidad de configurar su navegador para prohibir la creaci\u00f3n de estos archivos de cookies y visualizar\u00e1 mensajes para autorizar y configurar sus preferencias cuando acceda a la presente p\u00e1gina web.<\/p><h2>Pol\u00edtica de Privacidad<\/h2><p>La recogida de datos transmitidos de forma voluntaria a Iberoforwarders responde de forma exclusiva a dar respuesta y atender las necesidades que nos puedan comunicar los usuarios. La compa\u00f1\u00eda mantendr\u00e1 almacenados los datos de los usuarios siempre dentro del plazo establecido legalmente y responder\u00e1 a las obligaciones legales, as\u00ed como respetando las notificaciones o peticiones de los usuarios que comuniquen su voluntad de eliminaci\u00f3n.<\/p><p>Iberoforwarders podr\u00e1 tratar los datos e informaci\u00f3n de los usuarios, siempre bajo su previo consentimiento, cumpliendo con el art\u00edculo 6.1. a) del Reglamento General de Protecci\u00f3n. El usuario ser\u00e1 el responsable de la actualizaci\u00f3n de la informaci\u00f3n y datos registrados, tanto de forma aut\u00f3noma cuando pueda como poni\u00e9ndose en contacto con los responsables de estas tareas en Iberoforwarders. La informaci\u00f3n facilitada no ser\u00e1 objeto de cesi\u00f3n a terceros, a excepci\u00f3n de los supuestos contemplados por la Ley.<\/p><p>En todo caso, los usuarios pueden ejercitar los derechos de acceso, cancelaci\u00f3n y eliminaci\u00f3n, previstos por la Ley, dirigiendo un escrito a IBEROFORWARDERS, Avda. de la Antigua Peseta, Parcela 141\u2013Pol\u00edgono Industrial Las Atalayas \u2013 03114 Alicante (Espa\u00f1a), acompa\u00f1ando copia de su DNI. Para cualquier aclaraci\u00f3n, informaci\u00f3n, sugerencia, queja, etc. pueden usar el formulario de contacto de esta web o dirigirse a Avda. de la Antigua Peseta, Parcela 141\u2013Pol\u00edgono Industrial Las Atalayas \u2013 03114 Alicante (Espain) Tel\u00e9fono +34 96 510 7788 \u2013 Fax +34 96 510 7540.<\/p>\t\t\t\t\t\t\t\t<\/div>\n\t\t\t\t<\/div>\n\t\t\t\t\t<\/div>\n\t\t\t\t<\/div>\n\t\t\t\t<\/div>\n\t\t\t\t<\/div>\n\t\t","protected":false},"excerpt":{"rendered":"<p>Aviso Legal Este apartado recoge informaci\u00f3n relacionada con las condiciones generales de acceso y uso del sitio web www.iberoforwarders.com que deben ser expuestas y conocidas por los usuarios, a los efectos previstos en la Ley 34\/2002, de 11 de julio, de Servicios de la Sociedad de la Informaci\u00f3n y de Comercio Electr\u00f3nico. El uso de [&hellip;]<\/p>\n","protected":false},"author":1,"featured_media":0,"parent":0,"menu_order":0,"comment_status":"closed","ping_status":"closed","template":"","meta":{"footnotes":""},"class_list":["post-317","page","type-page","status-publish","hentry"],"yoast_head":"<!-- This site is optimized with the Yoast SEO plugin v27.3 - https:\/\/yoast.com\/product\/yoast-seo-wordpress\/ -->\n<title>Aviso Legal - Iberoforwarders<\/title>\n<meta name=\"robots\" content=\"index, follow, max-snippet:-1, max-image-preview:large, max-video-preview:-1\" \/>\n<link rel=\"canonical\" href=\"https:\/\/iberoforwarders.com\/es\/aviso-legal\" \/>\n<meta property=\"og:locale\" content=\"es_ES\" \/>\n<meta property=\"og:type\" content=\"article\" \/>\n<meta property=\"og:title\" content=\"Aviso Legal - Iberoforwarders\" \/>\n<meta property=\"og:description\" content=\"Aviso Legal Este apartado recoge informaci\u00f3n relacionada con las condiciones generales de acceso y uso del sitio web www.iberoforwarders.com que deben ser expuestas y conocidas por los usuarios, a los efectos previstos en la Ley 34\/2002, de 11 de julio, de Servicios de la Sociedad de la Informaci\u00f3n y de Comercio Electr\u00f3nico. El uso de [&hellip;]\" \/>\n<meta property=\"og:url\" content=\"https:\/\/iberoforwarders.com\/es\/aviso-legal\" \/>\n<meta property=\"og:site_name\" content=\"Iberoforwarders\" \/>\n<meta property=\"article:modified_time\" content=\"2024-02-27T19:53:24+00:00\" \/>\n<meta name=\"twitter:card\" content=\"summary_large_image\" \/>\n<meta name=\"twitter:label1\" content=\"Tiempo de lectura\" \/>\n\t<meta name=\"twitter:data1\" content=\"5 minutos\" \/>\n<script type=\"application\/ld+json\" class=\"yoast-schema-graph\">{\"@context\":\"https:\\\/\\\/schema.org\",\"@graph\":[{\"@type\":\"WebPage\",\"@id\":\"https:\\\/\\\/iberoforwarders.com\\\/es\\\/aviso-legal\",\"url\":\"https:\\\/\\\/iberoforwarders.com\\\/es\\\/aviso-legal\",\"name\":\"Aviso Legal - Iberoforwarders\",\"isPartOf\":{\"@id\":\"https:\\\/\\\/iberoforwarders.com\\\/es\\\/#website\"},\"datePublished\":\"2024-02-27T19:09:45+00:00\",\"dateModified\":\"2024-02-27T19:53:24+00:00\",\"breadcrumb\":{\"@id\":\"https:\\\/\\\/iberoforwarders.com\\\/es\\\/aviso-legal#breadcrumb\"},\"inLanguage\":\"es\",\"potentialAction\":[{\"@type\":\"ReadAction\",\"target\":[\"https:\\\/\\\/iberoforwarders.com\\\/es\\\/aviso-legal\"]}]},{\"@type\":\"BreadcrumbList\",\"@id\":\"https:\\\/\\\/iberoforwarders.com\\\/es\\\/aviso-legal#breadcrumb\",\"itemListElement\":[{\"@type\":\"ListItem\",\"position\":1,\"name\":\"Portada\",\"item\":\"https:\\\/\\\/iberoforwarders.com\\\/es\"},{\"@type\":\"ListItem\",\"position\":2,\"name\":\"Aviso Legal\"}]},{\"@type\":\"WebSite\",\"@id\":\"https:\\\/\\\/iberoforwarders.com\\\/es\\\/#website\",\"url\":\"https:\\\/\\\/iberoforwarders.com\\\/es\\\/\",\"name\":\"Iberoforwarders\",\"description\":\"\",\"publisher\":{\"@id\":\"https:\\\/\\\/iberoforwarders.com\\\/es\\\/#organization\"},\"potentialAction\":[{\"@type\":\"SearchAction\",\"target\":{\"@type\":\"EntryPoint\",\"urlTemplate\":\"https:\\\/\\\/iberoforwarders.com\\\/es\\\/?s={search_term_string}\"},\"query-input\":{\"@type\":\"PropertyValueSpecification\",\"valueRequired\":true,\"valueName\":\"search_term_string\"}}],\"inLanguage\":\"es\"},{\"@type\":\"Organization\",\"@id\":\"https:\\\/\\\/iberoforwarders.com\\\/es\\\/#organization\",\"name\":\"Iberoforwarders\",\"url\":\"https:\\\/\\\/iberoforwarders.com\\\/es\\\/\",\"logo\":{\"@type\":\"ImageObject\",\"inLanguage\":\"es\",\"@id\":\"https:\\\/\\\/iberoforwarders.com\\\/es\\\/#\\\/schema\\\/logo\\\/image\\\/\",\"url\":\"https:\\\/\\\/iberoforwarders.com\\\/wp-content\\\/uploads\\\/2024\\\/02\\\/logo_iberfor.png\",\"contentUrl\":\"https:\\\/\\\/iberoforwarders.com\\\/wp-content\\\/uploads\\\/2024\\\/02\\\/logo_iberfor.png\",\"width\":302,\"height\":102,\"caption\":\"Iberoforwarders\"},\"image\":{\"@id\":\"https:\\\/\\\/iberoforwarders.com\\\/es\\\/#\\\/schema\\\/logo\\\/image\\\/\"}}]}<\/script>\n<!-- \/ Yoast SEO plugin. -->","yoast_head_json":{"title":"Aviso Legal - Iberoforwarders","robots":{"index":"index","follow":"follow","max-snippet":"max-snippet:-1","max-image-preview":"max-image-preview:large","max-video-preview":"max-video-preview:-1"},"canonical":"https:\/\/iberoforwarders.com\/es\/aviso-legal","og_locale":"es_ES","og_type":"article","og_title":"Aviso Legal - Iberoforwarders","og_description":"Aviso Legal Este apartado recoge informaci\u00f3n relacionada con las condiciones generales de acceso y uso del sitio web www.iberoforwarders.com que deben ser expuestas y conocidas por los usuarios, a los efectos previstos en la Ley 34\/2002, de 11 de julio, de Servicios de la Sociedad de la Informaci\u00f3n y de Comercio Electr\u00f3nico. El uso de [&hellip;]","og_url":"https:\/\/iberoforwarders.com\/es\/aviso-legal","og_site_name":"Iberoforwarders","article_modified_time":"2024-02-27T19:53:24+00:00","twitter_card":"summary_large_image","twitter_misc":{"Tiempo de lectura":"5 minutos"},"schema":{"@context":"https:\/\/schema.org","@graph":[{"@type":"WebPage","@id":"https:\/\/iberoforwarders.com\/es\/aviso-legal","url":"https:\/\/iberoforwarders.com\/es\/aviso-legal","name":"Aviso Legal - Iberoforwarders","isPartOf":{"@id":"https:\/\/iberoforwarders.com\/es\/#website"},"datePublished":"2024-02-27T19:09:45+00:00","dateModified":"2024-02-27T19:53:24+00:00","breadcrumb":{"@id":"https:\/\/iberoforwarders.com\/es\/aviso-legal#breadcrumb"},"inLanguage":"es","potentialAction":[{"@type":"ReadAction","target":["https:\/\/iberoforwarders.com\/es\/aviso-legal"]}]},{"@type":"BreadcrumbList","@id":"https:\/\/iberoforwarders.com\/es\/aviso-legal#breadcrumb","itemListElement":[{"@type":"ListItem","position":1,"name":"Portada","item":"https:\/\/iberoforwarders.com\/es"},{"@type":"ListItem","position":2,"name":"Aviso Legal"}]},{"@type":"WebSite","@id":"https:\/\/iberoforwarders.com\/es\/#website","url":"https:\/\/iberoforwarders.com\/es\/","name":"Iberoforwarders","description":"","publisher":{"@id":"https:\/\/iberoforwarders.com\/es\/#organization"},"potentialAction":[{"@type":"SearchAction","target":{"@type":"EntryPoint","urlTemplate":"https:\/\/iberoforwarders.com\/es\/?s={search_term_string}"},"query-input":{"@type":"PropertyValueSpecification","valueRequired":true,"valueName":"search_term_string"}}],"inLanguage":"es"},{"@type":"Organization","@id":"https:\/\/iberoforwarders.com\/es\/#organization","name":"Iberoforwarders","url":"https:\/\/iberoforwarders.com\/es\/","logo":{"@type":"ImageObject","inLanguage":"es","@id":"https:\/\/iberoforwarders.com\/es\/#\/schema\/logo\/image\/","url":"https:\/\/iberoforwarders.com\/wp-content\/uploads\/2024\/02\/logo_iberfor.png","contentUrl":"https:\/\/iberoforwarders.com\/wp-content\/uploads\/2024\/02\/logo_iberfor.png","width":302,"height":102,"caption":"Iberoforwarders"},"image":{"@id":"https:\/\/iberoforwarders.com\/es\/#\/schema\/logo\/image\/"}}]}},"_links":{"self":[{"href":"https:\/\/iberoforwarders.com\/es\/wp-json\/wp\/v2\/pages\/317","targetHints":{"allow":["GET"]}}],"collection":[{"href":"https:\/\/iberoforwarders.com\/es\/wp-json\/wp\/v2\/pages"}],"about":[{"href":"https:\/\/iberoforwarders.com\/es\/wp-json\/wp\/v2\/types\/page"}],"author":[{"embeddable":true,"href":"https:\/\/iberoforwarders.com\/es\/wp-json\/wp\/v2\/users\/1"}],"replies":[{"embeddable":true,"href":"https:\/\/iberoforwarders.com\/es\/wp-json\/wp\/v2\/comments?post=317"}],"version-history":[{"count":7,"href":"https:\/\/iberoforwarders.com\/es\/wp-json\/wp\/v2\/pages\/317\/revisions"}],"predecessor-version":[{"id":372,"href":"https:\/\/iberoforwarders.com\/es\/wp-json\/wp\/v2\/pages\/317\/revisions\/372"}],"wp:attachment":[{"href":"https:\/\/iberoforwarders.com\/es\/wp-json\/wp\/v2\/media?parent=317"}],"curies":[{"name":"wp","href":"https:\/\/api.w.org\/{rel}","templated":true}]}}